{"id":1545,"date":"2022-10-10T09:36:34","date_gmt":"2022-10-10T12:36:34","guid":{"rendered":"https:\/\/homologacao.estudiosiamo.com\/servicos\/"},"modified":"2022-10-13T11:00:24","modified_gmt":"2022-10-13T14:00:24","slug":"works","status":"publish","type":"page","link":"https:\/\/homologacao.estudiosiamo.com\/en\/works\/","title":{"rendered":"Works"},"content":{"rendered":"","protected":false},"excerpt":{"rendered":"","protected":false},"author":1,"featured_media":0,"parent":0,"menu_order":0,"comment_status":"closed","ping_status":"closed","template":"template-servicos.php","meta":[],"yoast_head":"<!-- This site is optimized with the Yoast SEO plugin v19.12 - https:\/\/yoast.com\/wordpress\/plugins\/seo\/ -->\n<title>Works - Siamo<\/title>\n<meta name=\"description\" content=\"Somos um est\u00fadio criativo com foco em branding, design e conte\u00fado customizado para marcas e neg\u00f3cios que buscam conex\u00f5es aut\u00eanticas com seus p\u00fablicos.\" \/>\n<meta name=\"robots\" content=\"noindex, follow, max-snippet:-1, max-image-preview:large, max-video-preview:-1\" \/>\n<meta property=\"og:locale\" content=\"en_US\" \/>\n<meta property=\"og:type\" content=\"article\" \/>\n<meta property=\"og:title\" content=\"Works - Siamo\" \/>\n<meta property=\"og:description\" content=\"Somos um est\u00fadio criativo com foco em branding, design e conte\u00fado customizado para marcas e neg\u00f3cios que buscam conex\u00f5es aut\u00eanticas com seus p\u00fablicos.\" \/>\n<meta property=\"og:url\" content=\"https:\/\/homologacao.estudiosiamo.com\/en\/works\/\" \/>\n<meta property=\"og:site_name\" content=\"Siamo\" \/>\n<meta property=\"article:modified_time\" content=\"2022-10-13T14:00:24+00:00\" \/>\n<meta name=\"twitter:card\" content=\"summary_large_image\" \/>\n<script type=\"application\/ld+json\" class=\"yoast-schema-graph\">{\"@context\":\"https:\/\/schema.org\",\"@graph\":[{\"@type\":\"WebPage\",\"@id\":\"https:\/\/homologacao.estudiosiamo.com\/en\/works\/\",\"url\":\"https:\/\/homologacao.estudiosiamo.com\/en\/works\/\",\"name\":\"Works - Siamo\",\"isPartOf\":{\"@id\":\"https:\/\/homologacao.estudiosiamo.com\/#website\"},\"datePublished\":\"2022-10-10T12:36:34+00:00\",\"dateModified\":\"2022-10-13T14:00:24+00:00\",\"description\":\"Somos um est\u00fadio criativo com foco em branding, design e conte\u00fado customizado para marcas e neg\u00f3cios que buscam conex\u00f5es aut\u00eanticas com seus p\u00fablicos.\",\"breadcrumb\":{\"@id\":\"https:\/\/homologacao.estudiosiamo.com\/en\/works\/#breadcrumb\"},\"inLanguage\":\"en-US\",\"potentialAction\":[{\"@type\":\"ReadAction\",\"target\":[\"https:\/\/homologacao.estudiosiamo.com\/en\/works\/\"]}]},{\"@type\":\"BreadcrumbList\",\"@id\":\"https:\/\/homologacao.estudiosiamo.com\/en\/works\/#breadcrumb\",\"itemListElement\":[{\"@type\":\"ListItem\",\"position\":1,\"name\":\"In\u00edcio\",\"item\":\"https:\/\/homologacao.estudiosiamo.com\/en\/home\/\"},{\"@type\":\"ListItem\",\"position\":2,\"name\":\"Works\"}]},{\"@type\":\"WebSite\",\"@id\":\"https:\/\/homologacao.estudiosiamo.com\/#website\",\"url\":\"https:\/\/homologacao.estudiosiamo.com\/\",\"name\":\"Siamo Studio: Brand Strategy & Design\",\"description\":\"\",\"publisher\":{\"@id\":\"https:\/\/homologacao.estudiosiamo.com\/#organization\"},\"potentialAction\":[{\"@type\":\"SearchAction\",\"target\":{\"@type\":\"EntryPoint\",\"urlTemplate\":\"https:\/\/homologacao.estudiosiamo.com\/?s={search_term_string}\"},\"query-input\":\"required name=search_term_string\"}],\"inLanguage\":\"en-US\"},{\"@type\":\"Organization\",\"@id\":\"https:\/\/homologacao.estudiosiamo.com\/#organization\",\"name\":\"Siamo Studio: Brand Strategy & Design\",\"url\":\"https:\/\/homologacao.estudiosiamo.com\/\",\"logo\":{\"@type\":\"ImageObject\",\"inLanguage\":\"en-US\",\"@id\":\"https:\/\/homologacao.estudiosiamo.com\/#\/schema\/logo\/image\/\",\"url\":\"https:\/\/homologacao.estudiosiamo.com\/site\/uploads\/2022\/12\/logo-big.png\",\"contentUrl\":\"https:\/\/homologacao.estudiosiamo.com\/site\/uploads\/2022\/12\/logo-big.png\",\"width\":1200,\"height\":630,\"caption\":\"Siamo Studio: Brand Strategy & Design\"},\"image\":{\"@id\":\"https:\/\/homologacao.estudiosiamo.com\/#\/schema\/logo\/image\/\"},\"sameAs\":[\"https:\/\/www.instagram.com\/estudiosiamo\/\",\"https:\/\/www.behance.net\/estudiosiamo\",\"https:\/\/www.linkedin.com\/company\/siamostudio\"]}]}<\/script>\n<!-- \/ Yoast SEO plugin. -->","yoast_head_json":{"title":"Works - Siamo","description":"Somos um est\u00fadio criativo com foco em branding, design e conte\u00fado customizado para marcas e neg\u00f3cios que buscam conex\u00f5es aut\u00eanticas com seus p\u00fablicos.","robots":{"index":"noindex","follow":"follow","max-snippet":"max-snippet:-1","max-image-preview":"max-image-preview:large","max-video-preview":"max-video-preview:-1"},"og_locale":"en_US","og_type":"article","og_title":"Works - Siamo","og_description":"Somos um est\u00fadio criativo com foco em branding, design e conte\u00fado customizado para marcas e neg\u00f3cios que buscam conex\u00f5es aut\u00eanticas com seus p\u00fablicos.","og_url":"https:\/\/homologacao.estudiosiamo.com\/en\/works\/","og_site_name":"Siamo","article_modified_time":"2022-10-13T14:00:24+00:00","twitter_card":"summary_large_image","schema":{"@context":"https:\/\/schema.org","@graph":[{"@type":"WebPage","@id":"https:\/\/homologacao.estudiosiamo.com\/en\/works\/","url":"https:\/\/homologacao.estudiosiamo.com\/en\/works\/","name":"Works - Siamo","isPartOf":{"@id":"https:\/\/homologacao.estudiosiamo.com\/#website"},"datePublished":"2022-10-10T12:36:34+00:00","dateModified":"2022-10-13T14:00:24+00:00","description":"Somos um est\u00fadio criativo com foco em branding, design e conte\u00fado customizado para marcas e neg\u00f3cios que buscam conex\u00f5es aut\u00eanticas com seus p\u00fablicos.","breadcrumb":{"@id":"https:\/\/homologacao.estudiosiamo.com\/en\/works\/#breadcrumb"},"inLanguage":"en-US","potentialAction":[{"@type":"ReadAction","target":["https:\/\/homologacao.estudiosiamo.com\/en\/works\/"]}]},{"@type":"BreadcrumbList","@id":"https:\/\/homologacao.estudiosiamo.com\/en\/works\/#breadcrumb","itemListElement":[{"@type":"ListItem","position":1,"name":"In\u00edcio","item":"https:\/\/homologacao.estudiosiamo.com\/en\/home\/"},{"@type":"ListItem","position":2,"name":"Works"}]},{"@type":"WebSite","@id":"https:\/\/homologacao.estudiosiamo.com\/#website","url":"https:\/\/homologacao.estudiosiamo.com\/","name":"Siamo Studio: Brand Strategy & Design","description":"","publisher":{"@id":"https:\/\/homologacao.estudiosiamo.com\/#organization"},"potentialAction":[{"@type":"SearchAction","target":{"@type":"EntryPoint","urlTemplate":"https:\/\/homologacao.estudiosiamo.com\/?s={search_term_string}"},"query-input":"required name=search_term_string"}],"inLanguage":"en-US"},{"@type":"Organization","@id":"https:\/\/homologacao.estudiosiamo.com\/#organization","name":"Siamo Studio: Brand Strategy & Design","url":"https:\/\/homologacao.estudiosiamo.com\/","logo":{"@type":"ImageObject","inLanguage":"en-US","@id":"https:\/\/homologacao.estudiosiamo.com\/#\/schema\/logo\/image\/","url":"https:\/\/homologacao.estudiosiamo.com\/site\/uploads\/2022\/12\/logo-big.png","contentUrl":"https:\/\/homologacao.estudiosiamo.com\/site\/uploads\/2022\/12\/logo-big.png","width":1200,"height":630,"caption":"Siamo Studio: Brand Strategy & Design"},"image":{"@id":"https:\/\/homologacao.estudiosiamo.com\/#\/schema\/logo\/image\/"},"sameAs":["https:\/\/www.instagram.com\/estudiosiamo\/","https:\/\/www.behance.net\/estudiosiamo","https:\/\/www.linkedin.com\/company\/siamostudio"]}]}},"_links":{"self":[{"href":"https:\/\/homologacao.estudiosiamo.com\/en\/wp-json\/wp\/v2\/pages\/1545\/"}],"collection":[{"href":"https:\/\/homologacao.estudiosiamo.com\/en\/wp-json\/wp\/v2\/pages\/"}],"about":[{"href":"https:\/\/homologacao.estudiosiamo.com\/en\/wp-json\/wp\/v2\/types\/page\/"}],"author":[{"embeddable":true,"href":"https:\/\/homologacao.estudiosiamo.com\/en\/wp-json\/wp\/v2\/users\/1\/"}],"replies":[{"embeddable":true,"href":"https:\/\/homologacao.estudiosiamo.com\/en\/wp-json\/wp\/v2\/comments\/?post=1545"}],"version-history":[{"count":2,"href":"https:\/\/homologacao.estudiosiamo.com\/en\/wp-json\/wp\/v2\/pages\/1545\/revisions\/"}],"predecessor-version":[{"id":1627,"href":"https:\/\/homologacao.estudiosiamo.com\/en\/wp-json\/wp\/v2\/pages\/1545\/revisions\/1627\/"}],"wp:attachment":[{"href":"https:\/\/homologacao.estudiosiamo.com\/en\/wp-json\/wp\/v2\/media\/?parent=1545"}],"curies":[{"name":"wp","href":"https:\/\/api.w.org\/{rel}","templated":true}]}}